{"id":402,"date":"2023-11-07T21:17:41","date_gmt":"2023-11-07T21:17:41","guid":{"rendered":"https:\/\/www.petrhanzl.cz\/?page_id=402"},"modified":"2023-11-07T21:21:59","modified_gmt":"2023-11-07T21:21:59","slug":"mine-dream-2","status":"publish","type":"page","link":"https:\/\/www.petrhanzl.cz\/?page_id=402","title":{"rendered":"Mine dream"},"content":{"rendered":"\t\t<div data-elementor-type=\"wp-page\" data-elementor-id=\"402\" class=\"elementor elementor-402\">\n\t\t\t\t\t\t\t\t\t<section class=\"elementor-section elementor-top-section elementor-element elementor-element-2334aad elementor-section-boxed elementor-section-height-default elementor-section-height-default\" data-id=\"2334aad\" data-element_type=\"section\">\n\t\t\t\t\t\t<div class=\"elementor-container elementor-column-gap-default\">\n\t\t\t\t\t<div class=\"elementor-column elementor-col-100 elementor-top-column elementor-element elementor-element-a3a11d7\" data-id=\"a3a11d7\" data-element_type=\"column\">\n\t\t\t<div class=\"elementor-widget-wrap elementor-element-populated\">\n\t\t\t\t\t\t\t\t<div class=\"elementor-element elementor-element-7f38557 elementor-widget elementor-widget-heading\" data-id=\"7f38557\" data-element_type=\"widget\" data-widget_type=\"heading.default\">\n\t\t\t\t<div class=\"elementor-widget-container\">\n\t\t\t<style>\/*! elementor - v3.6.5 - 27-04-2022 *\/\n.elementor-heading-title{padding:0;margin:0;line-height:1}.elementor-widget-heading .elementor-heading-title[class*=elementor-size-]>a{color:inherit;font-size:inherit;line-height:inherit}.elementor-widget-heading .elementor-heading-title.elementor-size-small{font-size:15px}.elementor-widget-heading .elementor-heading-title.elementor-size-medium{font-size:19px}.elementor-widget-heading .elementor-heading-title.elementor-size-large{font-size:29px}.elementor-widget-heading .elementor-heading-title.elementor-size-xl{font-size:39px}.elementor-widget-heading .elementor-heading-title.elementor-size-xxl{font-size:59px}<\/style><h1 class=\"elementor-heading-title elementor-size-default\">Mine Dream<\/h1>\t\t<\/div>\n\t\t\t\t<\/div>\n\t\t\t\t<div class=\"elementor-element elementor-element-b615393 elementor-arrows-position-inside elementor-pagination-position-outside elementor-widget elementor-widget-image-carousel\" data-id=\"b615393\" data-element_type=\"widget\" data-settings=\"{&quot;slides_to_show&quot;:&quot;1&quot;,&quot;navigation&quot;:&quot;both&quot;,&quot;autoplay&quot;:&quot;yes&quot;,&quot;pause_on_hover&quot;:&quot;yes&quot;,&quot;pause_on_interaction&quot;:&quot;yes&quot;,&quot;autoplay_speed&quot;:5000,&quot;infinite&quot;:&quot;yes&quot;,&quot;effect&quot;:&quot;slide&quot;,&quot;speed&quot;:500}\" data-widget_type=\"image-carousel.default\">\n\t\t\t\t<div class=\"elementor-widget-container\">\n\t\t\t<style>\/*! elementor - v3.6.5 - 27-04-2022 *\/\n.elementor-widget-image-carousel .swiper-container{position:static}.elementor-widget-image-carousel .swiper-container .swiper-slide figure{line-height:inherit}.elementor-widget-image-carousel .swiper-slide{text-align:center}.elementor-image-carousel-wrapper:not(.swiper-container-initialized) .swiper-slide{max-width:calc(100% \/ var(--e-image-carousel-slides-to-show, 3))}<\/style>\t\t<div class=\"elementor-image-carousel-wrapper swiper-container\" dir=\"ltr\">\n\t\t\t<div class=\"elementor-image-carousel swiper-wrapper\">\n\t\t\t\t\t\t\t\t<div class=\"swiper-slide\"><figure class=\"swiper-slide-inner\"><img decoding=\"async\" class=\"swiper-slide-image\" src=\"https:\/\/www.petrhanzl.cz\/wp-content\/uploads\/2023\/11\/MINDE_DREAM_4-768x577.jpg\" alt=\"MINDE_DREAM_4\" \/><\/figure><\/div><div class=\"swiper-slide\"><figure class=\"swiper-slide-inner\"><img decoding=\"async\" class=\"swiper-slide-image\" src=\"https:\/\/www.petrhanzl.cz\/wp-content\/uploads\/2023\/11\/MINDE_DREAM_3-768x577.jpg\" alt=\"MINDE_DREAM_3\" \/><\/figure><\/div>\t\t\t<\/div>\n\t\t\t\t\t\t\t\t\t\t\t\t<div class=\"swiper-pagination\"><\/div>\n\t\t\t\t\t\t\t\t\t\t\t\t\t<div class=\"elementor-swiper-button elementor-swiper-button-prev\">\n\t\t\t\t\t\t<i aria-hidden=\"true\" class=\"eicon-chevron-left\"><\/i>\t\t\t\t\t\t<span class=\"elementor-screen-only\">P\u0159edchoz\u00ed<\/span>\n\t\t\t\t\t<\/div>\n\t\t\t\t\t<div class=\"elementor-swiper-button elementor-swiper-button-next\">\n\t\t\t\t\t\t<i aria-hidden=\"true\" class=\"eicon-chevron-right\"><\/i>\t\t\t\t\t\t<span class=\"elementor-screen-only\">Dal\u0161\u00ed<\/span>\n\t\t\t\t\t<\/div>\n\t\t\t\t\t\t\t\t\t<\/div>\n\t\t\t\t<\/div>\n\t\t\t\t<\/div>\n\t\t\t\t<div class=\"elementor-element elementor-element-7ccb21f elementor-widget elementor-widget-text-editor\" data-id=\"7ccb21f\" data-element_type=\"widget\" data-widget_type=\"text-editor.default\">\n\t\t\t\t<div class=\"elementor-widget-container\">\n\t\t\t<style>\/*! elementor - v3.6.5 - 27-04-2022 *\/\n.elementor-widget-text-editor.elementor-drop-cap-view-stacked .elementor-drop-cap{background-color:#818a91;color:#fff}.elementor-widget-text-editor.elementor-drop-cap-view-framed .elementor-drop-cap{color:#818a91;border:3px solid;background-color:transparent}.elementor-widget-text-editor:not(.elementor-drop-cap-view-default) .elementor-drop-cap{margin-top:8px}.elementor-widget-text-editor:not(.elementor-drop-cap-view-default) .elementor-drop-cap-letter{width:1em;height:1em}.elementor-widget-text-editor .elementor-drop-cap{float:left;text-align:center;line-height:1;font-size:50px}.elementor-widget-text-editor .elementor-drop-cap-letter{display:inline-block}<\/style>\t\t\t\t<p><span style=\"font-weight: 400;\">The Mine Dream installation consists of three videos and field audio recordings. The central video shows views of the Bohemian Central Highlands, the B\u00edlina mine, the Ledvice power plant and the construction site of the KK 1600 excavator. In the scenes, one can perceive a strong contrast between nature, the &#8222;artificial&#8220; reclaimed landscape, and the massive mine pits awaiting reclamation. A striking moment in the video is the view of two times of the day, where the dominance of nature and human activity alternate. In the daytime, wildlife can be seen around the dumps and dolo and birds can be heard singing. After dark, the situation changes dramatically &#8211; one can only see the absurdly strongly lit mining pit with its towers and excavators and hear the incessant clatter of mining equipment.<\/span><\/p><p><span style=\"font-weight: 400;\">The other two videos show different approaches to sonification of field recordings. The first of these visually alludes to the gradual layering of mined tailings and the creation of horizontal structures layered over time, the second to the spreading of soil from the stockpiles that continually reshapes the landscape.\u00a0<\/span><\/p><p><span style=\"font-weight: 400;\">A static video of a view of the Bohemian Central Highlands, the b\u00edlina mine, the Lednice power station and the site of the KK1600 excavator production<\/span><\/p><p><span style=\"font-weight: 400;\">View from the landscape of the Bohemian Central Highlands. Hundreds of tonnes of soil are being piled and layered daily. Due to the scale at which everything is done, the processes can only be perceived over longer periods of time.<\/span><\/p><p><span style=\"font-weight: 400;\">The reclaimed areas, where there are viewpoints, look like a natural landscape, with birds singing and deer running around, an idyllic natural environment. Contrast with the brutal devastation of the landscape on a giant scale literally around the corner. During the day, the mines are soundproofed by the ubiquitous nature. Only when nature begins to fall asleep for the night do the mines take over. Not only in sound, but also in the sheer fact of the enormous glow from the lights of the dozens of metres high mining machines working 24\/7.<\/span><\/p><p><span style=\"font-weight: 400;\">The installation is made up of two projections &#8211; a view of the landscape from places close to the Liptick\u00fd vyhl\u00eddka (which offers a view of the mines, the power plant, the dumps, the Ore Mountains of the Bohemian Central Highlands) and two variants of soundscape recordings.\u00a0<\/span><\/p><p><span style=\"font-weight: 400;\">Soundscape visualizations\u00a0<\/span><\/p><p><span style=\"font-weight: 400;\">The first variant is reminiscent of the spreading of clay, from the foundations that created the current landscape and the look of the viewpoint itself and its wide surroundings.<\/span><\/p><p><span style=\"font-weight: 400;\">The second, on the other hand, layers the gradual piling (the whole process of laying the excavated material is based on the principle of semicircular layers).<\/span><\/p><p><span style=\"font-weight: 400;\">The Liptice viewpoint is located on the site of the former village of Liptice, which disappeared in 1976 (population approx. 700)\u00a0<\/span><\/p>\t\t\t\t\t\t<\/div>\n\t\t\t\t<\/div>\n\t\t\t\t\t<\/div>\n\t\t<\/div>\n\t\t\t\t\t\t\t<\/div>\n\t\t<\/section>\n\t\t\t\t\t\t\t<\/div>\n\t\t","protected":false},"excerpt":{"rendered":"<p>Mine Dream P\u0159edchoz\u00ed Dal\u0161\u00ed The Mine Dream installation consists of three videos and field audio recordings. The central video shows views of the Bohemian Central Highlands, the B\u00edlina mine, the Ledvice power plant and the construction site of the KK 1600 excavator. In the scenes, one can perceive a strong contrast between nature, the &#8222;artificial&#8220; [&hellip;]<\/p>\n","protected":false},"author":1,"featured_media":0,"parent":9,"menu_order":0,"comment_status":"closed","ping_status":"closed","template":"elementor_header_footer","meta":{"footnotes":""},"class_list":["post-402","page","type-page","status-publish","hentry"],"_links":{"self":[{"href":"https:\/\/www.petrhanzl.cz\/index.php?rest_route=\/wp\/v2\/pages\/402","targetHints":{"allow":["GET"]}}],"collection":[{"href":"https:\/\/www.petrhanzl.cz\/index.php?rest_route=\/wp\/v2\/pages"}],"about":[{"href":"https:\/\/www.petrhanzl.cz\/index.php?rest_route=\/wp\/v2\/types\/page"}],"author":[{"embeddable":true,"href":"https:\/\/www.petrhanzl.cz\/index.php?rest_route=\/wp\/v2\/users\/1"}],"replies":[{"embeddable":true,"href":"https:\/\/www.petrhanzl.cz\/index.php?rest_route=%2Fwp%2Fv2%2Fcomments&post=402"}],"version-history":[{"count":4,"href":"https:\/\/www.petrhanzl.cz\/index.php?rest_route=\/wp\/v2\/pages\/402\/revisions"}],"predecessor-version":[{"id":416,"href":"https:\/\/www.petrhanzl.cz\/index.php?rest_route=\/wp\/v2\/pages\/402\/revisions\/416"}],"up":[{"embeddable":true,"href":"https:\/\/www.petrhanzl.cz\/index.php?rest_route=\/wp\/v2\/pages\/9"}],"wp:attachment":[{"href":"https:\/\/www.petrhanzl.cz\/index.php?rest_route=%2Fwp%2Fv2%2Fmedia&parent=402"}],"curies":[{"name":"wp","href":"https:\/\/api.w.org\/{rel}","templated":true}]}}