{"id":331,"date":"2023-11-06T19:47:46","date_gmt":"2023-11-06T19:47:46","guid":{"rendered":"https:\/\/www.petrhanzl.cz\/?page_id=331"},"modified":"2023-11-07T21:09:16","modified_gmt":"2023-11-07T21:09:16","slug":"no-mans-hamburg","status":"publish","type":"page","link":"https:\/\/www.petrhanzl.cz\/?page_id=331","title":{"rendered":"No mans Hamburg"},"content":{"rendered":"\t\t<div data-elementor-type=\"wp-page\" data-elementor-id=\"331\" class=\"elementor elementor-331\">\n\t\t\t\t\t\t\t\t\t<section class=\"elementor-section elementor-top-section elementor-element elementor-element-c54548e elementor-section-boxed elementor-section-height-default elementor-section-height-default\" data-id=\"c54548e\" data-element_type=\"section\">\n\t\t\t\t\t\t<div class=\"elementor-container elementor-column-gap-default\">\n\t\t\t\t\t<div class=\"elementor-column elementor-col-100 elementor-top-column elementor-element elementor-element-b184632\" data-id=\"b184632\" data-element_type=\"column\">\n\t\t\t<div class=\"elementor-widget-wrap elementor-element-populated\">\n\t\t\t\t\t\t\t\t<div class=\"elementor-element elementor-element-e40de92 elementor-widget elementor-widget-heading\" data-id=\"e40de92\" data-element_type=\"widget\" data-widget_type=\"heading.default\">\n\t\t\t\t<div class=\"elementor-widget-container\">\n\t\t\t<style>\/*! elementor - v3.6.5 - 27-04-2022 *\/\n.elementor-heading-title{padding:0;margin:0;line-height:1}.elementor-widget-heading .elementor-heading-title[class*=elementor-size-]>a{color:inherit;font-size:inherit;line-height:inherit}.elementor-widget-heading .elementor-heading-title.elementor-size-small{font-size:15px}.elementor-widget-heading .elementor-heading-title.elementor-size-medium{font-size:19px}.elementor-widget-heading .elementor-heading-title.elementor-size-large{font-size:29px}.elementor-widget-heading .elementor-heading-title.elementor-size-xl{font-size:39px}.elementor-widget-heading .elementor-heading-title.elementor-size-xxl{font-size:59px}<\/style><h1 class=\"elementor-heading-title elementor-size-default\">No mans steps to the same river twice II<\/h1>\t\t<\/div>\n\t\t\t\t<\/div>\n\t\t\t\t\t<\/div>\n\t\t<\/div>\n\t\t\t\t\t\t\t<\/div>\n\t\t<\/section>\n\t\t\t\t<section class=\"elementor-section elementor-top-section elementor-element elementor-element-9f93fdd elementor-section-boxed elementor-section-height-default elementor-section-height-default\" data-id=\"9f93fdd\" data-element_type=\"section\">\n\t\t\t\t\t\t<div class=\"elementor-container elementor-column-gap-default\">\n\t\t\t\t\t<div class=\"elementor-column elementor-col-100 elementor-top-column elementor-element elementor-element-bab632c\" data-id=\"bab632c\" data-element_type=\"column\">\n\t\t\t<div class=\"elementor-widget-wrap elementor-element-populated\">\n\t\t\t\t\t\t\t\t<div class=\"elementor-element elementor-element-d9d4a49 elementor-aspect-ratio-169 elementor-widget elementor-widget-video\" data-id=\"d9d4a49\" data-element_type=\"widget\" data-settings=\"{&quot;video_type&quot;:&quot;vimeo&quot;,&quot;aspect_ratio&quot;:&quot;169&quot;}\" data-widget_type=\"video.default\">\n\t\t\t\t<div class=\"elementor-widget-container\">\n\t\t\t<style>\/*! elementor - v3.6.5 - 27-04-2022 *\/\n.elementor-widget-video .elementor-widget-container{overflow:hidden;-webkit-transform:translateZ(0);transform:translateZ(0)}.elementor-widget-video .elementor-open-inline .elementor-custom-embed-image-overlay{position:absolute;top:0;left:0;width:100%;height:100%;background-size:cover;background-position:50%}.elementor-widget-video .elementor-custom-embed-image-overlay{cursor:pointer;text-align:center}.elementor-widget-video .elementor-custom-embed-image-overlay:hover .elementor-custom-embed-play i{opacity:1}.elementor-widget-video .elementor-custom-embed-image-overlay img{display:block;width:100%}.elementor-widget-video .e-hosted-video .elementor-video{-o-object-fit:cover;object-fit:cover}<\/style>\t\t<div class=\"elementor-wrapper elementor-fit-aspect-ratio elementor-open-inline\">\n\t\t\t<iframe class=\"elementor-video-iframe\" allowfullscreen title=\"vimeo p\u0159ehr\u00e1va\u010d videa\" src=\"https:\/\/player.vimeo.com\/video\/553660809?color&amp;autopause=0&amp;loop=0&amp;muted=0&amp;title=1&amp;portrait=1&amp;byline=1#t=\"><\/iframe>\t\t<\/div>\n\t\t\t\t<\/div>\n\t\t\t\t<\/div>\n\t\t\t\t<div class=\"elementor-element elementor-element-2e0a938 elementor-widget elementor-widget-spacer\" data-id=\"2e0a938\" data-element_type=\"widget\" data-widget_type=\"spacer.default\">\n\t\t\t\t<div class=\"elementor-widget-container\">\n\t\t\t<style>\/*! elementor - v3.6.5 - 27-04-2022 *\/\n.e-container.e-container--row .elementor-spacer-inner{width:var(--spacer-size)}.e-container.e-container--column .elementor-spacer-inner,.elementor-column .elementor-spacer-inner{height:var(--spacer-size)}<\/style>\t\t<div class=\"elementor-spacer\">\n\t\t\t<div class=\"elementor-spacer-inner\"><\/div>\n\t\t<\/div>\n\t\t\t\t<\/div>\n\t\t\t\t<\/div>\n\t\t\t\t<div class=\"elementor-element elementor-element-0246dc4 elementor-widget elementor-widget-text-editor\" data-id=\"0246dc4\" data-element_type=\"widget\" data-widget_type=\"text-editor.default\">\n\t\t\t\t<div class=\"elementor-widget-container\">\n\t\t\t<style>\/*! elementor - v3.6.5 - 27-04-2022 *\/\n.elementor-widget-text-editor.elementor-drop-cap-view-stacked .elementor-drop-cap{background-color:#818a91;color:#fff}.elementor-widget-text-editor.elementor-drop-cap-view-framed .elementor-drop-cap{color:#818a91;border:3px solid;background-color:transparent}.elementor-widget-text-editor:not(.elementor-drop-cap-view-default) .elementor-drop-cap{margin-top:8px}.elementor-widget-text-editor:not(.elementor-drop-cap-view-default) .elementor-drop-cap-letter{width:1em;height:1em}.elementor-widget-text-editor .elementor-drop-cap{float:left;text-align:center;line-height:1;font-size:50px}.elementor-widget-text-editor .elementor-drop-cap-letter{display:inline-block}<\/style>\t\t\t\t<p><span style=\"font-weight: 400;\">The Auxig&#8217;s work employs an experimental nature of the real time audio and live interactive video projection, each of the participant (performer) is underlied. The piece applies the comprovisation strategy, where there only general compositional methods are defined for the whole collective, such as exposition, development, climax and recapitulation, while the resulting output alters each time when the piece is performed, due to the quality that pure improvisation brings to all artists\u2019 flow, and how the artists interact with each other\u2019s sound.<\/span><\/p><p><span style=\"font-weight: 400;\">The audiovisual performance implies tactics of comprovisation, where the audio performers use generative projection by Petr Han\u017el as a time-based graphic score. Another side of the performance is improvisation of the musicians, where the sound sources are shared beforehand and equally distributed to be used with no limitations, so all artists develop their authentic language.<\/span><\/p><p><span style=\"font-weight: 400;\">Auxig collective has a very decent site-specific approach. The recordings and video materials were taken at nature reservation Slavkovsk\u00fd les (Karlovarsk\u00fd kraj, CZ) Oh\u0159e river and are reflecting the current state of the river and its surroundings, including the low levels of water, sound pollution from airplanes and factories etc.<\/span><\/p><p><span style=\"font-weight: 400;\">The concept of the river flow is being reflected by developing a composition intensity from gentle soft sounds to a massive soundfield.<\/span><\/p><p>This Performance was presented at t<span style=\"font-weight: 400;\">he International Conference on Technologies for Music Notation and Representation TENOR which is dedicated to issues in theoretical and applied research and development in Music Notation and Representation, with a strong focus on computer tools and applications, as well as a tight connection to music creation. \u201cTechnology\u201d in the conference name refers to any mean that may contribute to the notation, representation and\/or visualisation of the music and sound, for purposes that may include (but are not limited to) music composition, performance, representation, transcription, analysis and pedagogy. The following works, all created during the last two years, were selected by a panel of experts following a call for contributions.<\/span><\/p><p>Performance as AUXIG collective.<span style=\"font-weight: 400;\"><br \/><\/span><\/p>\t\t\t\t\t\t<\/div>\n\t\t\t\t<\/div>\n\t\t\t\t\t<\/div>\n\t\t<\/div>\n\t\t\t\t\t\t\t<\/div>\n\t\t<\/section>\n\t\t\t\t\t\t\t<\/div>\n\t\t","protected":false},"excerpt":{"rendered":"<p>No mans steps to the same river twice II The Auxig&#8217;s work employs an experimental nature of the real time audio and live interactive video projection, each of the participant (performer) is underlied. The piece applies the comprovisation strategy, where there only general compositional methods are defined for the whole collective, such as exposition, development, [&hellip;]<\/p>\n","protected":false},"author":1,"featured_media":0,"parent":9,"menu_order":0,"comment_status":"closed","ping_status":"closed","template":"elementor_header_footer","meta":{"footnotes":""},"class_list":["post-331","page","type-page","status-publish","hentry"],"_links":{"self":[{"href":"https:\/\/www.petrhanzl.cz\/index.php?rest_route=\/wp\/v2\/pages\/331","targetHints":{"allow":["GET"]}}],"collection":[{"href":"https:\/\/www.petrhanzl.cz\/index.php?rest_route=\/wp\/v2\/pages"}],"about":[{"href":"https:\/\/www.petrhanzl.cz\/index.php?rest_route=\/wp\/v2\/types\/page"}],"author":[{"embeddable":true,"href":"https:\/\/www.petrhanzl.cz\/index.php?rest_route=\/wp\/v2\/users\/1"}],"replies":[{"embeddable":true,"href":"https:\/\/www.petrhanzl.cz\/index.php?rest_route=%2Fwp%2Fv2%2Fcomments&post=331"}],"version-history":[{"count":7,"href":"https:\/\/www.petrhanzl.cz\/index.php?rest_route=\/wp\/v2\/pages\/331\/revisions"}],"predecessor-version":[{"id":338,"href":"https:\/\/www.petrhanzl.cz\/index.php?rest_route=\/wp\/v2\/pages\/331\/revisions\/338"}],"up":[{"embeddable":true,"href":"https:\/\/www.petrhanzl.cz\/index.php?rest_route=\/wp\/v2\/pages\/9"}],"wp:attachment":[{"href":"https:\/\/www.petrhanzl.cz\/index.php?rest_route=%2Fwp%2Fv2%2Fmedia&parent=331"}],"curies":[{"name":"wp","href":"https:\/\/api.w.org\/{rel}","templated":true}]}}