{"id":11,"date":"2022-05-12T09:56:58","date_gmt":"2022-05-12T09:56:58","guid":{"rendered":"https:\/\/www.petrhanzl.cz\/?page_id=11"},"modified":"2023-03-24T14:56:53","modified_gmt":"2023-03-24T14:56:53","slug":"kontakt","status":"publish","type":"page","link":"https:\/\/www.petrhanzl.cz\/?page_id=11","title":{"rendered":"Bio"},"content":{"rendered":"\t\t<div data-elementor-type=\"wp-page\" data-elementor-id=\"11\" class=\"elementor elementor-11\">\n\t\t\t\t\t\t\t\t\t<section class=\"elementor-section elementor-top-section elementor-element elementor-element-9ca8756 elementor-section-boxed elementor-section-height-default elementor-section-height-default\" data-id=\"9ca8756\" data-element_type=\"section\">\n\t\t\t\t\t\t<div class=\"elementor-container elementor-column-gap-default\">\n\t\t\t\t\t<div class=\"elementor-column elementor-col-100 elementor-top-column elementor-element elementor-element-dbb0f8f\" data-id=\"dbb0f8f\" data-element_type=\"column\">\n\t\t\t<div class=\"elementor-widget-wrap elementor-element-populated\">\n\t\t\t\t\t\t\t\t<div class=\"elementor-element elementor-element-946aedd elementor-widget elementor-widget-spacer\" data-id=\"946aedd\" data-element_type=\"widget\" data-widget_type=\"spacer.default\">\n\t\t\t\t<div class=\"elementor-widget-container\">\n\t\t\t<style>\/*! elementor - v3.6.5 - 27-04-2022 *\/\n.e-container.e-container--row .elementor-spacer-inner{width:var(--spacer-size)}.e-container.e-container--column .elementor-spacer-inner,.elementor-column .elementor-spacer-inner{height:var(--spacer-size)}<\/style>\t\t<div class=\"elementor-spacer\">\n\t\t\t<div class=\"elementor-spacer-inner\"><\/div>\n\t\t<\/div>\n\t\t\t\t<\/div>\n\t\t\t\t<\/div>\n\t\t\t\t<div class=\"elementor-element elementor-element-ec87f58 elementor-widget elementor-widget-image\" data-id=\"ec87f58\" data-element_type=\"widget\" data-widget_type=\"image.default\">\n\t\t\t\t<div class=\"elementor-widget-container\">\n\t\t\t<style>\/*! elementor - v3.6.5 - 27-04-2022 *\/\n.elementor-widget-image{text-align:center}.elementor-widget-image a{display:inline-block}.elementor-widget-image a img[src$=\".svg\"]{width:48px}.elementor-widget-image img{vertical-align:middle;display:inline-block}<\/style>\t\t\t\t\t\t\t\t\t\t\t\t<img loading=\"lazy\" decoding=\"async\" width=\"225\" height=\"300\" src=\"https:\/\/www.petrhanzl.cz\/wp-content\/uploads\/2022\/05\/about-me-photo-225x300.jpg\" class=\"attachment-medium size-medium\" alt=\"about me\" srcset=\"https:\/\/www.petrhanzl.cz\/wp-content\/uploads\/2022\/05\/about-me-photo-225x300.jpg 225w, https:\/\/www.petrhanzl.cz\/wp-content\/uploads\/2022\/05\/about-me-photo-768x1024.jpg 768w, https:\/\/www.petrhanzl.cz\/wp-content\/uploads\/2022\/05\/about-me-photo-1152x1536.jpg 1152w, https:\/\/www.petrhanzl.cz\/wp-content\/uploads\/2022\/05\/about-me-photo-1536x2048.jpg 1536w, https:\/\/www.petrhanzl.cz\/wp-content\/uploads\/2022\/05\/about-me-photo-scaled.jpg 1920w\" sizes=\"auto, (max-width: 225px) 100vw, 225px\" \/>\t\t\t\t\t\t\t\t\t\t\t\t\t\t\t<\/div>\n\t\t\t\t<\/div>\n\t\t\t\t<div class=\"elementor-element elementor-element-1061bf9 elementor-widget elementor-widget-heading\" data-id=\"1061bf9\" data-element_type=\"widget\" data-widget_type=\"heading.default\">\n\t\t\t\t<div class=\"elementor-widget-container\">\n\t\t\t<style>\/*! elementor - v3.6.5 - 27-04-2022 *\/\n.elementor-heading-title{padding:0;margin:0;line-height:1}.elementor-widget-heading .elementor-heading-title[class*=elementor-size-]>a{color:inherit;font-size:inherit;line-height:inherit}.elementor-widget-heading .elementor-heading-title.elementor-size-small{font-size:15px}.elementor-widget-heading .elementor-heading-title.elementor-size-medium{font-size:19px}.elementor-widget-heading .elementor-heading-title.elementor-size-large{font-size:29px}.elementor-widget-heading .elementor-heading-title.elementor-size-xl{font-size:39px}.elementor-widget-heading .elementor-heading-title.elementor-size-xxl{font-size:59px}<\/style><h2 class=\"elementor-heading-title elementor-size-default\">BIO<\/h2>\t\t<\/div>\n\t\t\t\t<\/div>\n\t\t\t\t<div class=\"elementor-element elementor-element-1e496f2 elementor-widget elementor-widget-text-editor\" data-id=\"1e496f2\" data-element_type=\"widget\" data-widget_type=\"text-editor.default\">\n\t\t\t\t<div class=\"elementor-widget-container\">\n\t\t\t<style>\/*! elementor - v3.6.5 - 27-04-2022 *\/\n.elementor-widget-text-editor.elementor-drop-cap-view-stacked .elementor-drop-cap{background-color:#818a91;color:#fff}.elementor-widget-text-editor.elementor-drop-cap-view-framed .elementor-drop-cap{color:#818a91;border:3px solid;background-color:transparent}.elementor-widget-text-editor:not(.elementor-drop-cap-view-default) .elementor-drop-cap{margin-top:8px}.elementor-widget-text-editor:not(.elementor-drop-cap-view-default) .elementor-drop-cap-letter{width:1em;height:1em}.elementor-widget-text-editor .elementor-drop-cap{float:left;text-align:center;line-height:1;font-size:50px}.elementor-widget-text-editor .elementor-drop-cap-letter{display:inline-block}<\/style>\t\t\t\t<div>Czech new media artist, member of Auxig Collective<\/div><div>Currently living and working in Teplice. Studied in Time-based media studio, Jan Evangelista Purkyn\u011b University in Usti nad Labem led by Daniel Hanz\u00edlk and Pavel Mrkus where he graduated from the Bachelor and Master\u2018s Degree. Mywork mainly focus on human-technology relationships and their symbiosis examined through immersive interactive audiovisual installations, based on generative visuals using audio and sensors as source of data.<\/div>\t\t\t\t\t\t<\/div>\n\t\t\t\t<\/div>\n\t\t\t\t<div class=\"elementor-element elementor-element-074f3b4 elementor-widget elementor-widget-spacer\" data-id=\"074f3b4\" data-element_type=\"widget\" data-widget_type=\"spacer.default\">\n\t\t\t\t<div class=\"elementor-widget-container\">\n\t\t\t\t\t<div class=\"elementor-spacer\">\n\t\t\t<div class=\"elementor-spacer-inner\"><\/div>\n\t\t<\/div>\n\t\t\t\t<\/div>\n\t\t\t\t<\/div>\n\t\t\t\t\t<\/div>\n\t\t<\/div>\n\t\t\t\t\t\t\t<\/div>\n\t\t<\/section>\n\t\t\t\t<section class=\"elementor-section elementor-top-section elementor-element elementor-element-575a65e elementor-section-boxed elementor-section-height-default elementor-section-height-default\" data-id=\"575a65e\" data-element_type=\"section\">\n\t\t\t\t\t\t<div class=\"elementor-container elementor-column-gap-default\">\n\t\t\t\t\t<div class=\"elementor-column elementor-col-50 elementor-top-column elementor-element elementor-element-8648198\" data-id=\"8648198\" data-element_type=\"column\">\n\t\t\t<div class=\"elementor-widget-wrap elementor-element-populated\">\n\t\t\t\t\t\t\t\t<div class=\"elementor-element elementor-element-0006105 elementor-widget elementor-widget-heading\" data-id=\"0006105\" data-element_type=\"widget\" data-widget_type=\"heading.default\">\n\t\t\t\t<div class=\"elementor-widget-container\">\n\t\t\t<h2 class=\"elementor-heading-title elementor-size-default\">Selected performances and exhibitions<\/h2>\t\t<\/div>\n\t\t\t\t<\/div>\n\t\t\t\t<div class=\"elementor-element elementor-element-60fa901 elementor-widget elementor-widget-text-editor\" data-id=\"60fa901\" data-element_type=\"widget\" data-widget_type=\"text-editor.default\">\n\t\t\t\t<div class=\"elementor-widget-container\">\n\t\t\t\t\t\t\t<p>2023 &#8211;\u00a0 Beyond Stereo: Creating Immersive Audio-Visual Experiences with Ambisonic Sound and Semi-Indetermina, AV performance in colab with Barry Wan and Daniel Vl\u010dek<\/p><p>2022 &#8211;\u00a0 WAR, and peace, multimedia performance in collab with Loretta Lau and Barry Wan, Galerie im Saalbau, Berlin<\/p><p>2022 &#8211;\u00a0 Nem\u00e1m \u010das, Va\u0161ulka Kitchen Brno, AV installation<\/p><p>2021 &#8211;\u00a0 No man steps into the same river twice V \/ Jizera stream, Artweek Liberec, AV performance with AUXIG\u00a0<\/p><p>2021 &#8211; No man spteps into the same river twice IV\/Liquid Rituals, GHMP Z\u00e1mek Tr\u00f3ja, AV performance with Auxig<\/p><p>2021 &#8211; Sounding Litom\u011b\u0159ice, Severo\u010desk\u00e1 galerie v\u00fdtvarn\u00e9ho um\u011bn\u00ed v Litom\u011b\u0159ic\u00edch, AV perormance with AUXIG<\/p><p>2021 &#8211;\u00a0 Solo for Shakuhachi, Punctum, Prague, AV performance with AUXIG\u00a8<\/p><p>2021- No man stepst into the same river twice II, Tenor 2021, Hamburg, AV peroformance with AUXIG<\/p><p>2021 &#8211;\u00a0 Real-time-ReMixology &#8211; Video Ensemble [2]021: A Room with A View, Design Studio HHB 801, Hong Kong, online AV perormance with AUXIG<\/p><p>2021 &#8211;\u00a0 AUXIG- Windows Xp, Online AV performance with AUXIG as part of FMR conference<\/p><p>2020 &#8211; (A)synchronous connection as Auxig collective,\u00a0Dei Funk Wuk non-museum\u00a0 \u00a0 \u00a0festival,\u00a0Dresden, AV performance<\/p><p>2019 &#8211; DEST DATA RYCHLOST, Gallery Atrium\u00a0in Zizkov, Prague, group exhibition<\/p><p>2019 No man steps into the same river twice II as Auxig collective, Gallery Atrium\u00a0in\u00a0 Zizkov, AV performance<\/p><p>2019 &#8211; PHONON~ 4, Hranicar, Usti nad Labem, AV performance<\/p><p>2017 &#8211; Diplomky 2017, DUUL gallery, Usti nad Labem, interactive installation<\/p><p>2014 &#8211; Pokoje II, Palace Ciheln\u00e1 4, Prage, Group exhibiton, interactiv installation<\/p><p>2014 &#8211; Time Based Video, NOD Gallery, Prague, group exhibition, video installation<\/p><p>2014 &#8211; Zimni sklizen, Rampa Gallery, Usti nad Labem, group exhibition, AV performance<\/p><p>2014 &#8211; Festival young for young, Most, Light show<\/p><p>2013 &#8211; Audivizualni vyrivka 2, Kurn\u00e1 Hora, AV performance<\/p><p>2013 &#8211;\u00a0 Sluch, Armaturka gallery, Usti nad Labem, group exhibition, audio installation<\/p><p>2012 &#8211; Univerzita Predlice, National Gallery, Prague, group exhibiton, audio installation[[<\/p>\t\t\t\t\t\t<\/div>\n\t\t\t\t<\/div>\n\t\t\t\t\t<\/div>\n\t\t<\/div>\n\t\t\t\t<div class=\"elementor-column elementor-col-50 elementor-top-column elementor-element elementor-element-10fae34\" data-id=\"10fae34\" data-element_type=\"column\">\n\t\t\t<div class=\"elementor-widget-wrap elementor-element-populated\">\n\t\t\t\t\t\t\t\t<div class=\"elementor-element elementor-element-cb6e088 elementor-widget elementor-widget-heading\" data-id=\"cb6e088\" data-element_type=\"widget\" data-widget_type=\"heading.default\">\n\t\t\t\t<div class=\"elementor-widget-container\">\n\t\t\t<h2 class=\"elementor-heading-title elementor-size-default\">Curiculum vitae<\/h2>\t\t<\/div>\n\t\t\t\t<\/div>\n\t\t\t\t<div class=\"elementor-element elementor-element-314c287 elementor-widget elementor-widget-spacer\" data-id=\"314c287\" data-element_type=\"widget\" data-widget_type=\"spacer.default\">\n\t\t\t\t<div class=\"elementor-widget-container\">\n\t\t\t\t\t<div class=\"elementor-spacer\">\n\t\t\t<div class=\"elementor-spacer-inner\"><\/div>\n\t\t<\/div>\n\t\t\t\t<\/div>\n\t\t\t\t<\/div>\n\t\t\t\t<div class=\"elementor-element elementor-element-59d8a62 elementor-widget elementor-widget-text-editor\" data-id=\"59d8a62\" data-element_type=\"widget\" data-widget_type=\"text-editor.default\">\n\t\t\t\t<div class=\"elementor-widget-container\">\n\t\t\t\t\t\t\t<div>Born: 20.09.1989 in Teplice Czech Republic<\/div><div>Studies:<\/div><div>2013-2017: MgA. UJEP, Photography and intermedia, Time-Based Media studio under doc. Mgr. A. Daniel Hanzl\u00edk and Doc. Mgr. A. Pavel Mrkus supervision<\/div><div>\u00a0<\/div><div>2009-2013: BcA. UJEP, Photography and intermedia, Time-Based Media studio under doc. Mgr. A. Daniel Hanzl\u00edk and Doc. Mgr. A. Pavel Mrkus supervision<\/div><div>\u00a0<\/div>\t\t\t\t\t\t<\/div>\n\t\t\t\t<\/div>\n\t\t\t\t\t<\/div>\n\t\t<\/div>\n\t\t\t\t\t\t\t<\/div>\n\t\t<\/section>\n\t\t\t\t<section class=\"elementor-section elementor-top-section elementor-element elementor-element-65b5013 elementor-section-boxed elementor-section-height-default elementor-section-height-default\" data-id=\"65b5013\" data-element_type=\"section\">\n\t\t\t\t\t\t<div class=\"elementor-container elementor-column-gap-default\">\n\t\t\t\t\t<div class=\"elementor-column elementor-col-50 elementor-top-column elementor-element elementor-element-61996c2\" data-id=\"61996c2\" data-element_type=\"column\">\n\t\t\t<div class=\"elementor-widget-wrap elementor-element-populated\">\n\t\t\t\t\t\t\t\t<div class=\"elementor-element elementor-element-1e8c7b7 elementor-align-center elementor-widget elementor-widget-button\" data-id=\"1e8c7b7\" data-element_type=\"widget\" data-widget_type=\"button.default\">\n\t\t\t\t<div class=\"elementor-widget-container\">\n\t\t\t\t\t<div class=\"elementor-button-wrapper\">\n\t\t\t<a href=\"https:\/\/www.petrhanzl.cz\/?page_id=9\" class=\"elementor-button-link elementor-button elementor-size-sm\" role=\"button\">\n\t\t\t\t\t\t<span class=\"elementor-button-content-wrapper\">\n\t\t\t\t\t\t<span class=\"elementor-button-text\">Portfolio<\/span>\n\t\t<\/span>\n\t\t\t\t\t<\/a>\n\t\t<\/div>\n\t\t\t\t<\/div>\n\t\t\t\t<\/div>\n\t\t\t\t\t<\/div>\n\t\t<\/div>\n\t\t\t\t<div class=\"elementor-column elementor-col-50 elementor-top-column elementor-element elementor-element-e6ed9bc\" data-id=\"e6ed9bc\" data-element_type=\"column\">\n\t\t\t<div class=\"elementor-widget-wrap elementor-element-populated\">\n\t\t\t\t\t\t\t\t<div class=\"elementor-element elementor-element-7a4d658 elementor-align-center elementor-widget elementor-widget-button\" data-id=\"7a4d658\" data-element_type=\"widget\" data-widget_type=\"button.default\">\n\t\t\t\t<div class=\"elementor-widget-container\">\n\t\t\t\t\t<div class=\"elementor-button-wrapper\">\n\t\t\t<a href=\"mailto:%20hanzl.petr@gmail.com\" class=\"elementor-button-link elementor-button elementor-size-sm\" role=\"button\">\n\t\t\t\t\t\t<span class=\"elementor-button-content-wrapper\">\n\t\t\t\t\t\t\t<span class=\"elementor-button-icon elementor-align-icon-left\">\n\t\t\t\t<i aria-hidden=\"true\" class=\"far fa-envelope-open\"><\/i>\t\t\t<\/span>\n\t\t\t\t\t\t<span class=\"elementor-button-text\">Kontakt<\/span>\n\t\t<\/span>\n\t\t\t\t\t<\/a>\n\t\t<\/div>\n\t\t\t\t<\/div>\n\t\t\t\t<\/div>\n\t\t\t\t\t<\/div>\n\t\t<\/div>\n\t\t\t\t\t\t\t<\/div>\n\t\t<\/section>\n\t\t\t\t\t\t\t<\/div>\n\t\t","protected":false},"excerpt":{"rendered":"<p>BIO Czech new media artist, member of Auxig CollectiveCurrently living and working in Teplice. Studied in Time-based media studio, Jan Evangelista Purkyn\u011b University in Usti nad Labem led by Daniel Hanz\u00edlk and Pavel Mrkus where he graduated from the Bachelor and Master\u2018s Degree. Mywork mainly focus on human-technology relationships and their symbiosis examined through immersive [&hellip;]<\/p>\n","protected":false},"author":1,"featured_media":0,"parent":0,"menu_order":0,"comment_status":"closed","ping_status":"closed","template":"","meta":{"footnotes":""},"class_list":["post-11","page","type-page","status-publish","hentry"],"_links":{"self":[{"href":"https:\/\/www.petrhanzl.cz\/index.php?rest_route=\/wp\/v2\/pages\/11","targetHints":{"allow":["GET"]}}],"collection":[{"href":"https:\/\/www.petrhanzl.cz\/index.php?rest_route=\/wp\/v2\/pages"}],"about":[{"href":"https:\/\/www.petrhanzl.cz\/index.php?rest_route=\/wp\/v2\/types\/page"}],"author":[{"embeddable":true,"href":"https:\/\/www.petrhanzl.cz\/index.php?rest_route=\/wp\/v2\/users\/1"}],"replies":[{"embeddable":true,"href":"https:\/\/www.petrhanzl.cz\/index.php?rest_route=%2Fwp%2Fv2%2Fcomments&post=11"}],"version-history":[{"count":35,"href":"https:\/\/www.petrhanzl.cz\/index.php?rest_route=\/wp\/v2\/pages\/11\/revisions"}],"predecessor-version":[{"id":169,"href":"https:\/\/www.petrhanzl.cz\/index.php?rest_route=\/wp\/v2\/pages\/11\/revisions\/169"}],"wp:attachment":[{"href":"https:\/\/www.petrhanzl.cz\/index.php?rest_route=%2Fwp%2Fv2%2Fmedia&parent=11"}],"curies":[{"name":"wp","href":"https:\/\/api.w.org\/{rel}","templated":true}]}}